{"id":1055,"date":"2021-03-17T07:25:17","date_gmt":"2021-03-17T06:25:17","guid":{"rendered":"https:\/\/marcol22.sg-host.com\/buchungsbedingungen\/"},"modified":"2021-06-09T17:09:27","modified_gmt":"2021-06-09T15:09:27","slug":"buchungsbedingungen","status":"publish","type":"page","link":"https:\/\/promenade-weissenhorn.de\/de\/buchungsbedingungen\/","title":{"rendered":"Buchungsbedingungen"},"content":{"rendered":"\t\t<div data-elementor-type=\"wp-page\" data-elementor-id=\"1055\" class=\"elementor elementor-1055\" data-elementor-post-type=\"page\">\n\t\t\t\t\t\t<section class=\"elementor-section elementor-top-section elementor-element elementor-element-1ab8183 elementor-section-boxed elementor-section-height-default elementor-section-height-default\" data-id=\"1ab8183\" data-element_type=\"section\">\n\t\t\t\t\t\t<div class=\"elementor-container elementor-column-gap-default\">\n\t\t\t\t\t<div class=\"elementor-column elementor-col-100 elementor-top-column elementor-element elementor-element-de7b76e\" data-id=\"de7b76e\" data-element_type=\"column\">\n\t\t\t<div class=\"elementor-widget-wrap elementor-element-populated\">\n\t\t\t\t\t\t<div class=\"elementor-element elementor-element-5bb9574 elementor-widget elementor-widget-text-editor\" data-id=\"5bb9574\" data-element_type=\"widget\" data-widget_type=\"text-editor.default\">\n\t\t\t\t<div class=\"elementor-widget-container\">\n\t\t\t\t\t\t\t\t\t<p>Die Buchungsbedingungen sind derzeit nur auf Deutsch verf\u00fcgbar.<\/p>\n\t\t\t\t\t\t\t\t<\/div>\n\t\t\t\t<\/div>\n\t\t\t\t<div class=\"elementor-element elementor-element-bd9adef elementor-widget elementor-widget-text-editor\" data-id=\"bd9adef\" data-element_type=\"widget\" data-widget_type=\"text-editor.default\">\n\t\t\t\t<div class=\"elementor-widget-container\">\n\t\t\t\t\t\t\t\t\t<p><strong>Allgemeine Gesch\u00e4ftsbedingungen (AGB) \/ Buchungsbedingungen<br \/>\n<\/strong><strong>Hotel Garni Promenade Wei\u00dfenhorn<\/strong><\/p>\n<p><strong>Ve<\/strong><strong>r<\/strong><strong>tragsabschluss<\/strong>: Die Buchung (Reiseanmeldung) kann m\u00fcndlich, telefonisch, schriftlich, per Fax, per E-Mail oder \u00fcber das Internet erfolgen und ist f\u00fcr den Gast ebenso verbindlich wie f\u00fcr das Hotel.<br \/>\n<span style=\"font-size: 16px;\">Mit einer Buchung und erfolgter Best\u00e4tigung kommt ein Hotelaufnahmevertrag zustande.<br \/>\n<\/span><span style=\"font-size: 16px;\">Vertragspartner sind das Hotel und der Gast. Nimmt ein Dritter die Buchung f\u00fcr den Gast vor, haftet er dem Hotel gegen\u00fcber als Besteller zusammen mit dem Gast als Gesamtschuldner f\u00fcr alle Verpflichtungen aus dem Vertrag. Davon unabh\u00e4ngig ist jeder Besteller verpflichtet, alle buchungsrelevanten Informationen, insbesondere diese Allgemeine Gesch\u00e4ftsbedingungen, an den Gast weiterzuleiten.<\/span><\/p>\n<p><strong>Ho<\/strong><strong>telpreise, Zimmer:<\/strong> Die Hotelpreise verstehen sich pro Person und Tag. Die Preise beinhalten die gesetzliche Mehrwertsteuer sowie das Fr\u00fchst\u00fccksbuffet.<br \/>\n<span style=\"font-size: 16px;\">Alle Zimmer sind mit Bad oder Dusche, WC, Farb-TV und Internetzugang ausgestattet.<\/span><\/p>\n<p><strong>B<\/strong><strong>u<\/strong><strong>c<\/strong><strong>hung<\/strong><strong>e<\/strong><strong>n<\/strong>: Das Buchen bestimmter Zimmerkategorien ist nicht m\u00f6glich. W\u00fcnsche hinsichtlich bestimmter Zimmer- Nummern und Etagen versuchen wir gerne zu ber\u00fccksichtigen.<br \/>\n<span style=\"font-size: 16px;\">Die telefonische Buchung (Montag bis Freitag zwischen 8 Uhr und 22 Uhr m\u00f6glich). Ansonsten nutzen Sie bitte unser <\/span><a style=\"font-size: 16px; background-color: #ffffff;\" href=\"https:\/\/promenade-weissenhorn.de\/zimmer-reservierungen\/?lang=de\">Buchungsformular<\/a><span style=\"font-size: 16px;\">.<\/span><\/p>\n<p>I<strong>h<\/strong><strong>r<\/strong><strong>e Reservierung<\/strong>: Halten wir garantiert bis 18.00 Uhr. Eine sp\u00e4tere Anreise sprechen Sie bitte mit uns ab. Andernfalls kann das Zimmer nach 18.00 Uhr anderweitig vergeben werden, ohne dass Sie hieraus Ersatzanspr\u00fcche herleiten k\u00f6nnen.<\/p>\n<p><strong>A<\/strong><strong>n<\/strong><strong>&#8211; und Abreise<\/strong>: Bitte planen Sie ein, dass am Anreisetag das Zimmer f\u00fcr Sie ab 16.00 Uhr bezugsfertig ist. Solltem Sie spat anreisen, benachrichtigen Sie uns bitte.<br \/>\n<span style=\"font-size: 16px;\">Am Abreisetag steht Ihnen das Zimmer bis 12.00 Uhr zur Verf\u00fcgung.<br \/>\n<\/span><span style=\"font-size: 16px;\">Bei einer sp\u00e4teren Abreise bis 18.00 Uhr, (nur nach Verf\u00fcgbarkeit m\u00f6glich) werden 50% des Zimmerpreises berechnet.<br \/>\n<\/span><span style=\"font-size: 16px;\">Kein Ruhetag.<\/span><\/p>\n<p><strong>Fr\u00fchst\u00fcckszeiten:<\/strong> Werktags von 6:30 bis 9:00 Uhr, Sonn- und Feiertags von 8:00 bis 09:30 Uhr.<\/p>\n<p><strong>Be<\/strong><strong>z<\/strong><strong>ahlung<\/strong>: Rechnungen sind f\u00e4llig am Tag der Abreise, sofort rein netto. Rechnungen ohne F\u00e4lligkeitsdatum sind binnen 7 Tagen nach Zugang ohne Abzug zahlbar. Bei Zahlungsverzug sind wir berechtigt, Verzugszinsen in H\u00f6he von derzeit 8% bzw. bei Rechtsgesch\u00e4ften, an denen ein Verbraucher beteiligt ist, in H\u00f6he von 5% \u00fcber dem Basiszinssatz zu berechnen. F\u00fcr jede Mahnung nach Verzugseintritt erheben wir eine Mahngeb\u00fchr von \u20ac 5,00.<br \/>\n<span style=\"font-size: 16px;\">Wir sind berechtigt, bei Buchung oder danach eine angemessene Vorauszahlung oder Sicherheitsleistung zu verlangen. Ferner sind wir berechtigt, w\u00e4hrend des Aufenthaltes aufgelaufene Forderungen durch Erteilung einer Zwischenrechnung jederzeit f\u00e4llig zu stellen und sofortige Zahlung zu verlangen. Wir akzeptieren Bargeld, EC-Karte, VISA- oder Masterkarte. Nicht in Anspruch genommene gebuchte Leistungen werden weder verg\u00fctet noch gutgeschrieben.<\/span><\/p>\n<p><strong>G<\/strong><strong>u<\/strong><strong>tscheine<\/strong>:<br \/>\n<span style=\"font-size: 16px;\">a) Nur vollst\u00e4ndig bezahlte Gutscheine k\u00f6nnen eingel\u00f6st werde<br \/>\n<\/span><span style=\"font-size: 16px;\">b) Eine Auszahlung des Gutscheinwertes in bar ist ausgeschlosse Ebenso die Auszahlung nicht in Anspruch genommener Leistungen.<br \/>\n<\/span><span style=\"font-size: 16px;\">c) Gutscheine k\u00f6nnen nach Verf\u00fcgbarkeit eingel\u00f6st werde<\/span><\/p>\n<p><strong>I<\/strong><strong>n<\/strong><strong>ternet<\/strong>: Im gesamten Hotel ist WLAN verf\u00fcgbar. Die Zugangsdaten erhalten Sie am Empfang.<\/p>\n<p><strong>K<\/strong><strong>u<\/strong><strong>r<\/strong><strong>t<\/strong><strong>axe<\/strong>: wird derzeit keine erhoben.<\/p>\n<p><strong>Hund<\/strong><strong>e<\/strong>: Das Mitbringen von Hunden u. anderen Haustieren ist nicht gestattet.<\/p>\n<p><strong>P<\/strong><strong>re<\/strong><strong>isliste<\/strong>: Mit Erscheinen einer neuen Preisliste verlieren alle bisherige Preise ihre G\u00fcltigkeit. Es gilt der gesetzliche Mehrwertsteuersatz.\u00a0<span style=\"font-size: 16px;\">Preisunterschiede in den einzelnen Preiskategorien entstehen nur durch Gr\u00f6\u00dfe, Ausstattung und Lage der Zimmer. Alle anderen Leistungen sind gleich.<\/span><\/p>\n<p><strong>Reiser\u00fccktrittskosten-Versicherung<\/strong>: Storno klingt unangenehm, f\u00fcr Sie genauso wie f\u00fcr uns. Wir empfehlen den Abschluss einer Reiser\u00fccktrittsversicherung! Diese Versicherung sch\u00fctzt Sie 1.) vor Stornokosten, wenn Sie aus einem versicherten Grund die Reise nicht antreten k\u00f6nnen und 2.) wenn Sie die Reise aus einem wichtigen Grund abbrechen m\u00fcssen.<\/p>\n<p><strong>S<\/strong><strong>t<\/strong><strong>ornierung<\/strong>: Eine Annullierung Ihrer Zimmerreservierung ist jederzeit m\u00f6glich. Zur Vermeidung von Missverst\u00e4ndnissen wird empfohlen, den R\u00fccktritt schriftlich zu erkl\u00e4ren. Stichtag ist der Eingang der R\u00fccktrittserkl\u00e4rung bei uns.<\/p>\n<p><strong>S<\/strong><b>tornokosten werden wie folgt berechnet:<br \/>\n<\/b><span style=\"font-size: 16px;\">Stornierungen und \u00c4nderungen, die bis zum 15. Tag vor Anreisedatum erfolgen, sind kostenfrei. Stornierungen vom 14. bis 8. Tag vor Anreisedatum werden mit 50% berechnet.<br \/>\n<\/span><span style=\"font-size: 16px;\">Stornierungen und \u00c4nderungen ab 7 Tage vor Anreisedatum werden mit 80% des Preises der gesamten Buchung berechnet.<br \/>\n<\/span><span style=\"font-size: 16px;\">Nichtanreisen und vorzeitige Abreisen werden mit 90% des Gesamtbetrages berechnet.<\/span><\/p>\n<p><strong>Ha<\/strong><strong>ftung<\/strong>: F\u00fcr eingebrachte Sachen haften wir nach den gesetzlichen Bestimmungen. Wir empfehlen, von der Nutzungsm\u00f6glichkeit des Hotelsafes Gebrauch zu machen. Die Haftungsanspr\u00fcche erl\u00f6schen, wenn Sie uns nicht unverz\u00fcglich nach Erlangen der Kenntnis von Verlust, Zerst\u00f6rung oder Besch\u00e4digung Anzeige erstatten.<\/p>\n<p><strong>R<\/strong><strong>auchen<\/strong>: ist nur im Freien gestattet. Bei Anzeichen von Rauchen im Zimmer erlauben wir uns, eine Z<span style=\"font-size: 16px;\">immerreinigungsgeb\u00fchr in H\u00f6he von \u20ac 200,00 zu berechnen.<\/span><\/p>\n<p><strong>P<\/strong><strong>arkplatz<\/strong>: Bitte nutzen Sie die \u00f6ffentlichen Parkm\u00f6glichkeiten<\/p>\n<p><strong>W<\/strong><strong>e<\/strong><strong>c<\/strong><strong>k<\/strong><strong>auftr\u00e4ge<\/strong>: Werden von uns mit gr\u00f6\u00dfter Sorgfalt ausgef\u00fchrt. Schadenersatzanspr\u00fcche sind ausgeschlossen.<\/p>\n<p><strong style=\"font-size: 16px;\">N<\/strong><strong style=\"font-size: 16px;\">achrichten, Post, Warensendungen und Fundsachen<\/strong><span style=\"font-size: 16px;\">: Auf Wunsch und gegen Entgelt \u00fcbernehmen wir gerne deren Nachsendung. Schadenersatzanspr\u00fcche sind ausgeschlossen. Wir sind berechtigt, nach sp\u00e4testens einmonatiger Aufbewahrungsfrist liegengebliebene Sachen dem lokalen Fundb\u00fcro zu \u00fcbergeben.<\/span><\/p>\n<p><strong>Sc<\/strong><strong>h<\/strong><strong>lussbestimmungen<\/strong>: \u00c4nderungen oder Erg\u00e4nzungen dieser Gesch\u00e4ftsbedingungen durch den Gast sind unwirksam. Erf\u00fcllungs- u. Zahlungsort ist Wei\u00dfenhorn. Ausschlie\u00dflicher Gerichtsstand ist das Amtsgericht Neu-Ulm. Es gilt das Recht der BRD. Sollten einzelne Bestimmungen dieser AGB\u00b4s f\u00fcr die Hotelaufnahme unwirksam oder nichtig sein oder werden, so wird dadurch die Wirksamkeit der \u00fcbrigen Bestimmungen nicht ber\u00fchrt. Im \u00dcbrigen gelten die gesetzlichen Vorschriften.<\/p>\n<p><strong>Wir freuen uns auf Ihren Besuch in unserem Cafe\/Bistro und Hotel!<\/strong><\/p>\n<p><b>Caf\u00e9, Bistro &amp; Hotel Promenade<br \/>\n<\/b><span style=\"font-size: 16px;\">\u00d6stliche Promenade 10<br \/>\n<\/span><span style=\"font-size: 16px;\">89264 Wei\u00dfenhorn<br \/>\n<\/span><span style=\"font-size: 16px;\">Tel. 07309 429223-0<br \/>\n<\/span><span style=\"font-size: 16px;\">Fax. 07309 429223-33<br \/>\n<\/span><a style=\"font-size: 16px; background-color: #ffffff;\" href=\"mailto:info@promenade-weissenhorn.de\">info@promenade-weissenhorn.de<\/a><\/p>\n\t\t\t\t\t\t\t\t<\/div>\n\t\t\t\t<\/div>\n\t\t\t\t\t<\/div>\n\t\t<\/div>\n\t\t\t\t\t<\/div>\n\t\t<\/section>\n\t\t\t\t<\/div>\n\t\t","protected":false},"excerpt":{"rendered":"<p>Die Buchungsbedingungen sind derzeit nur auf Deutsch verf\u00fcgbar. Allgemeine Gesch\u00e4ftsbedingungen (AGB) \/ Buchungsbedingungen Hotel Garni Promenade Wei\u00dfenhorn Vertragsabschluss: Die Buchung (Reiseanmeldung) kann m\u00fcndlich, telefonisch, schriftlich, per Fax, per E-Mail oder \u00fcber das Internet erfolgen und ist f\u00fcr den Gast ebenso verbindlich wie f\u00fcr das Hotel. Mit einer Buchung und erfolgter Best\u00e4tigung kommt ein Hotelaufnahmevertrag zustande. [&hellip;]<\/p>\n","protected":false},"author":2,"featured_media":0,"parent":0,"menu_order":0,"comment_status":"closed","ping_status":"closed","template":"","meta":{"content-type":"","ocean_post_layout":"","ocean_both_sidebars_style":"","ocean_both_sidebars_content_width":0,"ocean_both_sidebars_sidebars_width":0,"ocean_sidebar":"","ocean_second_sidebar":"","ocean_disable_margins":"enable","ocean_add_body_class":"","ocean_shortcode_before_top_bar":"","ocean_shortcode_after_top_bar":"","ocean_shortcode_before_header":"","ocean_shortcode_after_header":"","ocean_has_shortcode":"","ocean_shortcode_after_title":"","ocean_shortcode_before_footer_widgets":"","ocean_shortcode_after_footer_widgets":"","ocean_shortcode_before_footer_bottom":"","ocean_shortcode_after_footer_bottom":"","ocean_display_top_bar":"default","ocean_display_header":"default","ocean_header_style":"","ocean_center_header_left_menu":"","ocean_custom_header_template":"","ocean_custom_logo":0,"ocean_custom_retina_logo":0,"ocean_custom_logo_max_width":0,"ocean_custom_logo_tablet_max_width":0,"ocean_custom_logo_mobile_max_width":0,"ocean_custom_logo_max_height":0,"ocean_custom_logo_tablet_max_height":0,"ocean_custom_logo_mobile_max_height":0,"ocean_header_custom_menu":"","ocean_menu_typo_font_family":"","ocean_menu_typo_font_subset":"","ocean_menu_typo_font_size":0,"ocean_menu_typo_font_size_tablet":0,"ocean_menu_typo_font_size_mobile":0,"ocean_menu_typo_font_size_unit":"px","ocean_menu_typo_font_weight":"","ocean_menu_typo_font_weight_tablet":"","ocean_menu_typo_font_weight_mobile":"","ocean_menu_typo_transform":"","ocean_menu_typo_transform_tablet":"","ocean_menu_typo_transform_mobile":"","ocean_menu_typo_line_height":0,"ocean_menu_typo_line_height_tablet":0,"ocean_menu_typo_line_height_mobile":0,"ocean_menu_typo_line_height_unit":"","ocean_menu_typo_spacing":0,"ocean_menu_typo_spacing_tablet":0,"ocean_menu_typo_spacing_mobile":0,"ocean_menu_typo_spacing_unit":"","ocean_menu_link_color":"","ocean_menu_link_color_hover":"","ocean_menu_link_color_active":"","ocean_menu_link_background":"","ocean_menu_link_hover_background":"","ocean_menu_link_active_background":"","ocean_menu_social_links_bg":"","ocean_menu_social_hover_links_bg":"","ocean_menu_social_links_color":"","ocean_menu_social_hover_links_color":"","ocean_disable_title":"default","ocean_disable_heading":"default","ocean_post_title":"","ocean_post_subheading":"","ocean_post_title_style":"","ocean_post_title_background_color":"","ocean_post_title_background":0,"ocean_post_title_bg_image_position":"","ocean_post_title_bg_image_attachment":"","ocean_post_title_bg_image_repeat":"","ocean_post_title_bg_image_size":"","ocean_post_title_height":0,"ocean_post_title_bg_overlay":0.5,"ocean_post_title_bg_overlay_color":"","ocean_disable_breadcrumbs":"default","ocean_breadcrumbs_color":"","ocean_breadcrumbs_separator_color":"","ocean_breadcrumbs_links_color":"","ocean_breadcrumbs_links_hover_color":"","ocean_display_footer_widgets":"default","ocean_display_footer_bottom":"default","ocean_custom_footer_template":"","footnotes":""},"class_list":["post-1055","page","type-page","status-publish","hentry","entry"],"_links":{"self":[{"href":"https:\/\/promenade-weissenhorn.de\/de\/wp-json\/wp\/v2\/pages\/1055","targetHints":{"allow":["GET"]}}],"collection":[{"href":"https:\/\/promenade-weissenhorn.de\/de\/wp-json\/wp\/v2\/pages"}],"about":[{"href":"https:\/\/promenade-weissenhorn.de\/de\/wp-json\/wp\/v2\/types\/page"}],"author":[{"embeddable":true,"href":"https:\/\/promenade-weissenhorn.de\/de\/wp-json\/wp\/v2\/users\/2"}],"replies":[{"embeddable":true,"href":"https:\/\/promenade-weissenhorn.de\/de\/wp-json\/wp\/v2\/comments?post=1055"}],"version-history":[{"count":0,"href":"https:\/\/promenade-weissenhorn.de\/de\/wp-json\/wp\/v2\/pages\/1055\/revisions"}],"wp:attachment":[{"href":"https:\/\/promenade-weissenhorn.de\/de\/wp-json\/wp\/v2\/media?parent=1055"}],"curies":[{"name":"wp","href":"https:\/\/api.w.org\/{rel}","templated":true}]}}